{"id":147593,"date":"2022-08-22T14:04:03","date_gmt":"2022-08-22T12:04:03","guid":{"rendered":"https:\/\/juj-deutschland.de\/shop\/unkategorisiert\/re086-6\/"},"modified":"2022-09-01T11:14:06","modified_gmt":"2022-09-01T09:14:06","slug":"re086-6","status":"publish","type":"product","link":"https:\/\/juj-deutschland.de\/en\/shopy\/double-acting\/re086-6\/","title":{"rendered":"RE086-LT"},"content":{"rendered":"","protected":false},"excerpt":{"rendered":"<p>Der pneumatische RE Antrieb bietet eine einfache und pr\u00e4zise Endlageneinstellung. Die Justierung erfolgt \u00fcber zwei Sechskantschrauben und erm\u00f6glicht einen Schwenkwinkel von 0-90\u00b0 \u00b1 5\u00b0. Jeder Antrieb wird sorgf\u00e4ltig auf Dichtigkeit gepr\u00fcft, dies wird elektronisch dokumentiert und ist \u00fcber das Aluminium Typenschild nachverfolgbar. Die Werksschmierung ist f\u00fcr mindestens 1.000.000 Schaltungen ausgelegt.<\/p>\n<ul>\n<li>Doppelflanschbild und Zentrierezess nach ISO 5211 &#8211; DIN 3337<\/li>\n<li>Magnetventilanschluss nach NAMUR VDI\/VDE &#8211; 3845 Standard<\/li>\n<li>Ger\u00e4teschnittstelle (Endschalter, Stellungsregler) nach NAMUR VDI\/VDE &#8211; 3845 Standard<\/li>\n<li>ATEX-94-9-CEE Standard II 2GD c Tmax = 95 \u00b0C<\/li>\n<li>CEN\/TC69\/WG1\/SG10 Konstruktion und Produktion<\/li>\n<li>SIL 3<\/li>\n<\/ul>\n<p>&nbsp;<\/p>\n","protected":false},"featured_media":1778,"template":"","meta":{"_et_pb_use_builder":"","_et_pb_old_content":"","_et_gb_content_width":""},"product_brand":[],"product_cat":[2662,25,2661],"product_tag":[18,183,184,181,185,186],"class_list":{"0":"post-147593","1":"product","2":"type-product","3":"status-publish","4":"has-post-thumbnail","6":"product_cat-doppeltwirkend","7":"product_cat-pneumatikantriebe","8":"product_cat-re-serie","9":"product_tag-antrieb","10":"product_tag-doppeltwirkend","11":"product_tag-druckluft","12":"product_tag-pneumatisch","13":"product_tag-schwenkantrieb","14":"product_tag-vierteldrehung","15":"pa_drehmoment-6bar-103-40-nm","16":"pa_flanschbild-f05","17":"pa_flanschbild-f07","18":"pa_gehaeusematerial-antrieb-aluminium-hartanodisiert","19":"pa_temperaturbereich-umgebung-121","20":"pa_wellenaufnahme-17mm-doppel-vierkant","21":"pa_wirkweise-da","23":"first","24":"instock","25":"taxable","26":"shipping-taxable","27":"product-type-simple"},"_links":{"self":[{"href":"https:\/\/juj-deutschland.de\/en\/wp-json\/wp\/v2\/product\/147593","targetHints":{"allow":["GET"]}}],"collection":[{"href":"https:\/\/juj-deutschland.de\/en\/wp-json\/wp\/v2\/product"}],"about":[{"href":"https:\/\/juj-deutschland.de\/en\/wp-json\/wp\/v2\/types\/product"}],"wp:featuredmedia":[{"embeddable":true,"href":"https:\/\/juj-deutschland.de\/en\/wp-json\/wp\/v2\/media\/1778"}],"wp:attachment":[{"href":"https:\/\/juj-deutschland.de\/en\/wp-json\/wp\/v2\/media?parent=147593"}],"wp:term":[{"taxonomy":"product_brand","embeddable":true,"href":"https:\/\/juj-deutschland.de\/en\/wp-json\/wp\/v2\/product_brand?post=147593"},{"taxonomy":"product_cat","embeddable":true,"href":"https:\/\/juj-deutschland.de\/en\/wp-json\/wp\/v2\/product_cat?post=147593"},{"taxonomy":"product_tag","embeddable":true,"href":"https:\/\/juj-deutschland.de\/en\/wp-json\/wp\/v2\/product_tag?post=147593"}],"curies":[{"name":"wp","href":"https:\/\/api.w.org\/{rel}","templated":true}]}}